{"id":253,"date":"2019-05-06T15:07:50","date_gmt":"2019-05-06T15:07:50","guid":{"rendered":"http:\/\/tcunix.aditl.de\/?page_id=253"},"modified":"2025-06-27T14:30:53","modified_gmt":"2025-06-27T14:30:53","slug":"impressum-datenschutz","status":"publish","type":"page","link":"https:\/\/tcunix.aditl.de\/?page_id=253","title":{"rendered":"Impressum\/Datenschutz"},"content":{"rendered":"\r\n<p>TC UNIX Systemberatung GmbH<br \/><br \/>Eingetragen im Amtsgericht Flensburg <br \/>Handelsregister Zeichen: 2 HRB 3806 <br \/>UStID: DE202093229 <br \/>STNR: 15\/295\/15318 <br \/><br \/>Gesch\u00e4ftsf\u00fchrer: <br \/>Torsten Carzow <br \/>Moorweg 1 <br \/>24963 Tarp <br \/><br \/>Tel.: +49-(0)4638-89 84 00 <br \/>Fax: +49-(0)4638-89 84 09<\/p>\r\n\r\n\r\n\r\n<p>Gesch\u00e4ftsstelle Hamburg<br \/>Neumann-Reichardt-Str. 27-33, Haus 11<br \/>\r\n\r\n22041 Hamburg<\/p>\r\n<!-- \/wp:post-content -->\r\n\r\n<!-- wp:paragraph -->\r\n<p>Tel.: +49-(0)40-7525553<br \/><br \/>Email: <a href=\"mailto:tc@tc-unix.de\">tc@tc-unix.de<\/a> <br \/><br \/>[Copyright] <br \/>Das Layout der Homepage, die verwendeten Grafiken und Bilder, die Sammlung sowie einzelne Beitr\u00e4ge sind urheberrechtlich gesch\u00fctzt. Alle Rechte, auch die der fotomechanischen Wiedergabe, der Vervielf\u00e4ltigung und der Verbreitung mittels besonderer Verfahren (zum Beispiel Datenverarbeitung, Datentr\u00e4ger und Datennetze), auch teilweise, beh\u00e4lt sich TC UNIX Systemberatung GmbH vor. <br \/><br \/>[Externe Verweise und Links] <br \/>Mit Urteil vom 12. Mai 1998 hat das LG Hamburg entschieden, dass man durch die Ausbringung von Links die Inhalte der gelinkten Seite ggf. mitzuverantworten hat. Dies kann, so das LG, nur dadurch verhindert werden, dass man sich ausdr\u00fccklich von diesen Inhalten distanziert Wir haben auf unseren Seiten Links zu Seiten im Internet gelegt, deren Inhalt und Aktualisierung nicht dem Einflussbereich von TC UNIX Systemberatung GmbH unterliegen. F\u00fcr alle diese Links gilt:&#8220;TC UNIX Systemberatung GmbH hat keinen Einfluss auf Gestaltung und Inhalte fremder Internetseiten.&#8220;<br \/><br \/><br \/><\/p>\r\n<!-- \/wp:paragraph -->\r\n\r\n<!-- wp:paragraph -->\r\n<h2><span style=\"color: #000000;\">Datenschutzhinweise<\/span><\/h2>\r\n<!-- \/wp:paragraph -->\r\n\r\n<!-- wp:paragraph -->\r\n<p>Wir m\u00f6chten Sie nachfolgend \u00fcber die Verarbeitung personenbezogener Daten im Rahmen der Nutzung unserer Internetseiten informieren.<\/p>\r\n<!-- \/wp:paragraph -->\r\n\r\n<!-- wp:heading -->\r\n<h2>Verantwortlicher<\/h2>\r\n<!-- \/wp:heading -->\r\n\r\n<!-- wp:paragraph -->\r\n<p>Verantwortlicher f\u00fcr diese Internetseiten ist die TC UNIX Systemberatung GmbH (Moorweg 1, 24963 Tarp).<\/p>\r\n<!-- \/wp:paragraph -->\r\n\r\n<!-- wp:heading -->\r\n<h2>Welche Daten werden verarbeitet?<\/h2>\r\n<!-- \/wp:heading -->\r\n\r\n<!-- wp:heading {\"level\":3} -->\r\n<h3>Rechtsgrundlagen der Datenverarbeitung<\/h3>\r\n<!-- \/wp:heading -->\r\n\r\n<!-- wp:paragraph -->\r\n<p>Um Ihnen unsere Internetseite und die damit verbundenen Dienstleistungen anbieten zu k\u00f6nnen, verarbeiten wir personenbezogene Daten auf Basis folgender Rechtsgrundlagen:<\/p>\r\n<!-- \/wp:paragraph -->\r\n\r\n<!-- wp:list -->\r\n<ul>\r\n<li>Einwilligung (Art. 6 Abs. 1 lit. a) DSGVO)<\/li>\r\n<li>zur Erf\u00fcllung von Vertr\u00e4gen (Art. 6 Abs. 1 lit. b) DSGVO<\/li>\r\n<li>auf Basis einer Interessenabw\u00e4gung (Art. 6 Abs. 1 lit. f) DSGVO)<\/li>\r\n<li>zur Erf\u00fcllung einer rechtlichen Verpflichtung (Art. 6 Abs. 1 lit. c) DSGVO)<\/li>\r\n<\/ul>\r\n<!-- \/wp:list -->\r\n\r\n<!-- wp:paragraph -->\r\n<p>Wir werden im Zusammenhang mit der jeweiligen Verarbeitung auf die entsprechenden Begrifflichkeiten Bezug nehmen, so dass Sie einordnen k\u00f6nnen, auf welcher Basis wir personenbezogene Daten verarbeiten.<\/p>\r\n<!-- \/wp:paragraph -->\r\n\r\n<!-- wp:paragraph -->\r\n<p>Wenn personenbezogene Daten auf Grundlage einer Einwilligung von Ihnen verarbeitet werden, haben Sie das Recht, die Einwilligung jederzeit mit Wirkung f\u00fcr die Zukunft uns gegen\u00fcber zu widerrufen.<\/p>\r\n<!-- \/wp:paragraph -->\r\n\r\n<!-- wp:paragraph -->\r\n<p>Wenn wir Daten auf Basis einer Interessenabw\u00e4gung verarbeiten, haben Sie als Betroffene\/r das Recht, unter Ber\u00fccksichtigung der Vorgaben von Art. 21 DSGVO der Verarbeitung der personenbezogenen Daten zu widersprechen.<\/p>\r\n<!-- \/wp:paragraph -->\r\n\r\n<!-- wp:heading {\"level\":3} -->\r\n<h3>Zugriffsdaten<\/h3>\r\n<!-- \/wp:heading -->\r\n\r\n<!-- wp:paragraph -->\r\n<p>Wenn Sie unsere Internetseiten besuchen, werden personenbezogene Daten verarbeitet, um Ihnen die Inhalte der Internetseite auf Ihrem Endger\u00e4t anzeigen zu k\u00f6nnen.<\/p>\r\n<!-- \/wp:paragraph -->\r\n\r\n<!-- wp:paragraph -->\r\n<p>Damit die Seiten in Ihrem Browser dargestellt werden k\u00f6nnen, muss die IP-Adresse des von Ihnen verwendeten Endger\u00e4ts verarbeitet werden. Hinzu kommen weitere Information \u00fcber den Browser Ihres Endger\u00e4ts.<\/p>\r\n<!-- \/wp:paragraph -->\r\n\r\n<!-- wp:paragraph -->\r\n<p>Wir sind datenschutzrechtlich verpflichtet, auch die Vertraulichkeit und Integrit\u00e4t der mit unseren IT-Systemen verarbeiteten personenbezogenen Daten zu gew\u00e4hrleisten.<\/p>\r\n<!-- \/wp:paragraph -->\r\n\r\n<!-- wp:paragraph -->\r\n<p>F\u00fcr diesen Zweck und aus diesem Interesse werden auf Basis einer Interessenabw\u00e4gung nachfolgende Daten protokolliert:<\/p>\r\n<!-- \/wp:paragraph -->\r\n\r\n<!-- wp:list -->\r\n<ul>\r\n<li>IP-Adresse des aufrufenden Rechners (f\u00fcr maximal 7 Tage)<\/li>\r\n<li>Betriebssystem des aufrufenden Rechners<\/li>\r\n<li>Browser Version des aufrufenden Rechners<\/li>\r\n<li>Name der abgerufenen Datei<\/li>\r\n<li>Datum und Uhrzeit des Abrufs<\/li>\r\n<li>\u00fcbertragene Datenmenge<\/li>\r\n<li>Verweisende URL<\/li>\r\n<\/ul>\r\n<!-- \/wp:list -->\r\n\r\n<!-- wp:paragraph -->\r\n<p>Die IP-Adresse wird nach sp\u00e4testens 7 Tagen von allen Systemen, die im Zusammenhang mit dem Betrieb dieser Internetseiten verwendet werden, gel\u00f6scht. Einen Personenbezug k\u00f6nnen wir aus den verbleibenden Daten dann nicht mehr herstellen.<\/p>\r\n<!-- \/wp:paragraph -->\r\n\r\n<!-- wp:paragraph -->\r\n<p>Die Daten werden ferner auch verwendet, um Fehler auf den Internetseiten ermitteln und beheben zu k\u00f6nnen.<\/p>\r\n<!-- \/wp:paragraph -->\r\n\r\n<!-- wp:heading {\"level\":3} -->\r\n<h3>Cookies<\/h3>\r\n<p class=\"\"><span class=\"\">Auf unseren Internetseiten kommen lediglich technisch notwendige Cookies zum Einsatz. Cookies sind kleine Textinformationen, die \u00fcber ihren Browser in Ihrem Endger\u00e4t gespeichert werden. Die Cookies sind erforderlich, um bestimmte Funktionen unserer Internetseiten zu erm\u00f6glichen.\u00a0<\/span><\/p>\r\n<p class=\"\"><span class=\"\">Wir nutzen dabei Session-Cookies, die unmittelbar nach Beendigung des Besuchs der Internetseiten automatisch von Ihrem Browser gel\u00f6scht werden.<\/span><\/p>\r\n<p class=\"\"><span class=\"\">Sie haben die M\u00f6glichkeit, das Setzen von Cookies durch entsprechende Einstellungen in Ihrem Browser zu unterbinden. Wir weisen jedoch darauf hin, dass die Nutzung unserer Internetseiten dann ggf. nur eingeschr\u00e4nkt m\u00f6glich ist. Durch Cookies werden keine Programme oder sonstige Applikationen auf Ihrem Rechner installiert oder gestartet.<\/span><\/p>\r\n<div class=\"\"><span class=\"\">Der Einsatz dieser technisch notwendigen Cookies erfolgt auf Basis Art. 49 DSGVO.<\/span><\/div>\r\n<p>&nbsp;<\/p>\r\n<!-- \/wp:heading -->\r\n\r\n<!-- wp:heading {\"level\":3} \/-->\r\n\r\n<!-- wp:paragraph \/-->\r\n\r\n<!-- wp:heading -->\r\n<h2>Zwecke der Verarbeitung personenbezogener Daten<\/h2>\r\n<!-- \/wp:heading -->\r\n\r\n<!-- wp:paragraph -->\r\n<p>Die vorgenannten Daten verarbeiten wir f\u00fcr den Betrieb unserer Internetseite und f\u00fcr Erf\u00fcllung von vertraglichen Pflichten gegen\u00fcber unseren Kunden bzw. der Wahrung unserer berechtigten Interessen.<\/p>\r\n<!-- \/wp:paragraph -->\r\n\r\n<!-- wp:paragraph -->\r\n<p>Bei Anfragen von Ihnen au\u00dferhalb eines aktiven Kundenverh\u00e4ltnisses verarbeiten wir die Daten f\u00fcr Zwecke des Vertriebs und der Werbung. Sie k\u00f6nnen einer Verwendung Ihrer personenbezogenen Daten f\u00fcr Werbezwecke jederzeit widersprechen.<\/p>\r\n<!-- \/wp:paragraph -->\r\n\r\n<!-- wp:heading -->\r\n<h2>Freiwillige Angaben<\/h2>\r\n<!-- \/wp:heading -->\r\n\r\n<!-- wp:paragraph -->\r\n<p>Soweit Sie Daten uns gegen\u00fcber z.B. in Formularen freiwillig angeben und diese f\u00fcr die Erf\u00fcllung unserer vertraglichen Pflichten nicht erforderlich sind, verarbeiten wir diese Daten in der berechtigten Annahme, dass die Verarbeitung und Verwendung dieser Daten in Ihrem Interesse ist.<\/p>\r\n<!-- \/wp:paragraph -->\r\n\r\n<!-- wp:heading -->\r\n<h2>Empf\u00e4nger \/ Weitergabe von Daten<\/h2>\r\n<!-- \/wp:heading -->\r\n\r\n<!-- wp:paragraph -->\r\n<p>Daten, die Sie uns gegen\u00fcber angeben, werden grunds\u00e4tzlich nicht an Dritte weitergegeben. Insbesondere werden Ihre Daten nicht an Dritte f\u00fcr deren Werbezwecke weitergegeben.<\/p>\r\n<!-- \/wp:paragraph -->\r\n\r\n<!-- wp:paragraph -->\r\n<p>Wir setzen jedoch ggf. Dienstleister f\u00fcr den Betrieb dieser Internetseiten oder f\u00fcr weitere Produkte oder Dienstleistungen von uns ein. Hier kann es vorkommen, dass ein Dienstleister Kenntnis von personenbezogenen Daten erh\u00e4lt Wir w\u00e4hlen unsere Dienstleister sorgf\u00e4ltig \u2013 insbesondere im Hinblick auf Datenschutz und Datensicherheit \u2013 aus und treffen alle datenschutzrechtlich erforderlichen Ma\u00dfnahmen f\u00fcr eine zul\u00e4ssige Datenverarbeitung.<\/p>\r\n<!-- \/wp:paragraph -->\r\n\r\n<!-- wp:heading -->\r\n<h2>Datenverarbeitung au\u00dferhalb der Europ\u00e4ischen Union<\/h2>\r\n<!-- \/wp:heading -->\r\n\r\n<!-- wp:paragraph -->\r\n<p>Soweit personenbezogene Daten au\u00dferhalb der europ\u00e4ischen Union verarbeitet werden, k\u00f6nnen Sie dies den vorherigen Ausf\u00fchrungen entnehmen.<\/p>\r\n<!-- \/wp:paragraph -->\r\n\r\n<!-- wp:heading \/-->\r\n\r\n<!-- wp:heading -->\r\n<h2>Datenschutzbeauftragter<\/h2>\r\n<!-- \/wp:heading -->\r\n\r\n<!-- wp:paragraph -->\r\n<p>Wir haben einen Datenschutzbeauftragten benannt.<\/p>\r\n<!-- \/wp:paragraph -->\r\n\r\n<!-- wp:paragraph -->\r\n<p>Sie erreichen diesen wie folgt:<\/p>\r\n<!-- \/wp:paragraph -->\r\n\r\n<!-- wp:paragraph -->\r\n<p>TC UNIX Systemberatung GmbH<br \/>&#8211; Datenschutzteam \u2013<br \/>Neumann-Reichard-Str 27-33. Haus 11<br \/>22041 Hamburg<\/p>\r\n<!-- \/wp:paragraph -->\r\n\r\n<!-- wp:paragraph -->\r\n<p>E-Mail: datenschutz@tc-unix.de<\/p>\r\n<!-- \/wp:paragraph -->\r\n\r\n<!-- wp:heading -->\r\n<h2>\u00a0<\/h2>\r\n<!-- \/wp:heading -->\r\n\r\n<!-- wp:heading -->\r\n<h2>Ihre Rechte als Betroffene\/r<\/h2>\r\n<!-- \/wp:heading -->\r\n\r\n<!-- wp:paragraph -->\r\n<p>Sie haben das Recht auf Auskunft \u00fcber die Sie betreffenden personenbezogenen Daten. Sie k\u00f6nnen sich f\u00fcr eine Auskunft jederzeit an uns wenden.<\/p>\r\n<!-- \/wp:paragraph -->\r\n\r\n<!-- wp:paragraph -->\r\n<p>Bei einer Auskunftsanfrage, die nicht schriftlich erfolgt, bitten wir um Verst\u00e4ndnis daf\u00fcr, dass wir ggf. Nachweise von Ihnen verlangen, die belegen, dass Sie die Person sind, f\u00fcr die Sie sich ausgeben.<\/p>\r\n<!-- \/wp:paragraph -->\r\n\r\n<!-- wp:paragraph -->\r\n<p>Ferner haben Sie ein Recht auf Berichtigung oder L\u00f6schung oder auf Einschr\u00e4nkung der Verarbeitung, soweit Ihnen dies gesetzlich zusteht.<\/p>\r\n<!-- \/wp:paragraph -->\r\n\r\n<!-- wp:paragraph -->\r\n<p>Schlie\u00dflich haben Sie ein Widerspruchsrecht gegen die Verarbeitung im Rahmen der gesetzlichen Vorgaben.<\/p>\r\n<!-- \/wp:paragraph -->\r\n\r\n<!-- wp:paragraph -->\r\n<p>Ein Recht auf <strong>Daten\u00fcbertragbarkeit<\/strong> besteht ebenfalls im Rahmen der datenschutzrechtlichen Vorgaben.<\/p>\r\n<!-- \/wp:paragraph -->\r\n\r\n<!-- wp:heading -->\r\n<h2>\u00a0<a>L\u00f6schung von Daten<\/a><\/h2>\r\n<!-- \/wp:heading -->\r\n\r\n<!-- wp:heading {\"level\":4} -->\r\n<h4>Wir l\u00f6schen personenbezogene Daten grunds\u00e4tzlich dann, wenn kein Erfordernis f\u00fcr eine weitere Speicherung besteht. Ein Erfordernis kann insbesondere dann bestehen, wenn die Daten noch ben\u00f6tigt werden, um vertragliche Leistungen zur erf\u00fcllen, Gew\u00e4hrleistungs- und ggf. Garantieanspr\u00fcche pr\u00fcfen und gew\u00e4hren oder abwehren zu k\u00f6nnen. Im Falle von gesetzlichen Aufbewahrungspflichten kommt eine L\u00f6schung erst nach Ablauf der jeweiligen Aufbewahrungspflicht in Betracht.<\/h4>\r\n<!-- \/wp:heading -->\r\n\r\n<!-- wp:heading -->\r\n<h2>\u00a0<\/h2>\r\n<!-- \/wp:heading -->\r\n\r\n<!-- wp:heading -->\r\n<h2>Beschwerderecht bei einer Aufsichtsbeh\u00f6rde<\/h2>\r\n<!-- \/wp:heading -->\r\n\r\n<!-- wp:paragraph -->\r\n<p>Sie haben das Recht, sich \u00fcber die Verarbeitung personenbezogenen Daten durch uns bei einer Aufsichtsbeh\u00f6rde f\u00fcr den Datenschutz zu beschweren.<\/p>\r\n<!-- \/wp:paragraph -->\r\n\r\n<!-- wp:heading -->\r\n<h2>\u00a0<\/h2>\r\n<!-- \/wp:heading -->\r\n\r\n<!-- wp:heading -->\r\n<h2>\u00c4nderung dieser Datenschutzhinweise<\/h2>\r\n<!-- \/wp:heading -->\r\n\r\n<!-- wp:paragraph -->\r\n<p>Wir \u00fcberarbeiten diese Datenschutzhinweise bei \u00c4nderungen an dieser Internetseite oder bei sonstigen Anl\u00e4ssen, die dies erforderlich machen. Die jeweils aktuelle Fassung finden Sie stets auf dieser Internetseite<\/p>\r\n<!-- \/wp:paragraph -->\r\n\r\n<!-- wp:paragraph -->\r\n<p>Stand: 23.06.2022<\/p>\r\n<!-- \/wp:paragraph -->","protected":false},"excerpt":{"rendered":"<p>TC UNIX Systemberatung GmbH Eingetragen im Amtsgericht Flensburg Handelsregister Zeichen: 2 HRB 3806 UStID: DE202093229 STNR: 15\/295\/15318 Gesch\u00e4ftsf\u00fchrer: Torsten Carzow Moorweg 1 24963 Tarp Tel.: +49-(0)4638-89 84 00 Fax: +49-(0)4638-89 84 09 Gesch\u00e4ftsstelle HamburgNeumann-Reichardt-Str. 27-33, Haus 11 22041 Hamburg Tel.: +49-(0)40-7525553 Email: tc@tc-unix.de [Copyright] Das Layout der Homepage, die verwendeten Grafiken und Bilder, die Sammlung [&hellip;]<\/p>\n","protected":false},"author":1,"featured_media":0,"parent":0,"menu_order":0,"comment_status":"closed","ping_status":"closed","template":"","meta":{"footnotes":""},"class_list":["post-253","page","type-page","status-publish","hentry"],"_links":{"self":[{"href":"https:\/\/tcunix.aditl.de\/index.php?rest_route=\/wp\/v2\/pages\/253","targetHints":{"allow":["GET"]}}],"collection":[{"href":"https:\/\/tcunix.aditl.de\/index.php?rest_route=\/wp\/v2\/pages"}],"about":[{"href":"https:\/\/tcunix.aditl.de\/index.php?rest_route=\/wp\/v2\/types\/page"}],"author":[{"embeddable":true,"href":"https:\/\/tcunix.aditl.de\/index.php?rest_route=\/wp\/v2\/users\/1"}],"replies":[{"embeddable":true,"href":"https:\/\/tcunix.aditl.de\/index.php?rest_route=%2Fwp%2Fv2%2Fcomments&post=253"}],"version-history":[{"count":13,"href":"https:\/\/tcunix.aditl.de\/index.php?rest_route=\/wp\/v2\/pages\/253\/revisions"}],"predecessor-version":[{"id":572,"href":"https:\/\/tcunix.aditl.de\/index.php?rest_route=\/wp\/v2\/pages\/253\/revisions\/572"}],"wp:attachment":[{"href":"https:\/\/tcunix.aditl.de\/index.php?rest_route=%2Fwp%2Fv2%2Fmedia&parent=253"}],"curies":[{"name":"wp","href":"https:\/\/api.w.org\/{rel}","templated":true}]}}